{"id":8177,"date":"2024-09-06T16:16:41","date_gmt":"2024-09-06T16:16:41","guid":{"rendered":"http:\/\/signatureluxurytattoo.com\/?page_id=8177"},"modified":"2024-12-27T18:57:58","modified_gmt":"2024-12-27T18:57:58","slug":"login","status":"publish","type":"page","link":"https:\/\/signatureluxurytattoo.com\/es\/login\/","title":{"rendered":"Login"},"content":{"rendered":"\t\t<div data-elementor-type=\"wp-page\" data-elementor-id=\"8177\" class=\"elementor elementor-8177\">\n\t\t\t\t\t\t<section class=\"elementor-section elementor-top-section elementor-element elementor-element-138f576 elementor-section-height-min-height elementor-section-boxed elementor-section-height-default elementor-section-items-middle wpr-particle-no wpr-jarallax-no wpr-parallax-no wpr-sticky-section-no\" data-id=\"138f576\" data-element_type=\"section\" data-e-type=\"section\">\n\t\t\t\t\t\t<div class=\"elementor-container elementor-column-gap-default\">\n\t\t\t\t\t<div class=\"elementor-column elementor-col-100 elementor-top-column elementor-element elementor-element-1f1f3c4\" data-id=\"1f1f3c4\" data-element_type=\"column\" data-e-type=\"column\">\n\t\t\t<div class=\"elementor-widget-wrap\">\n\t\t\t\t\t\t\t<\/div>\n\t\t<\/div>\n\t\t\t\t\t<\/div>\n\t\t<\/section>\n\t\t\t\t<section class=\"elementor-section elementor-top-section elementor-element elementor-element-71aaa83 elementor-section-height-min-height elementor-section-boxed elementor-section-height-default elementor-section-items-middle wpr-particle-no wpr-jarallax-no wpr-parallax-no wpr-sticky-section-no\" data-id=\"71aaa83\" data-element_type=\"section\" data-e-type=\"section\">\n\t\t\t\t\t\t<div class=\"elementor-container elementor-column-gap-default\">\n\t\t\t\t\t<div class=\"elementor-column elementor-col-100 elementor-top-column elementor-element elementor-element-1b23363\" data-id=\"1b23363\" data-element_type=\"column\" data-e-type=\"column\">\n\t\t\t<div class=\"elementor-widget-wrap elementor-element-populated\">\n\t\t\t\t\t\t<div class=\"elementor-element elementor-element-cc6e38b elementor-widget elementor-widget-image\" data-id=\"cc6e38b\" data-element_type=\"widget\" data-e-type=\"widget\" data-widget_type=\"image.default\">\n\t\t\t\t<div class=\"elementor-widget-container\">\n\t\t\t\t\t\t\t\t\t\t\t\t\t\t\t<img decoding=\"async\" width=\"185\" height=\"205\" src=\"https:\/\/signatureluxurytattoo.com\/wp-content\/uploads\/2023\/06\/only_logo_gold.png\" class=\"attachment-large size-large wp-image-5208\" alt=\"\" srcset=\"https:\/\/signatureluxurytattoo.com\/wp-content\/uploads\/2023\/06\/only_logo_gold.png 185w, https:\/\/signatureluxurytattoo.com\/wp-content\/uploads\/2023\/06\/only_logo_gold-11x12.png 11w\" sizes=\"(max-width: 185px) 100vw, 185px\" \/>\t\t\t\t\t\t\t\t\t\t\t\t\t\t\t<\/div>\n\t\t\t\t<\/div>\n\t\t\t\t<div class=\"elementor-element elementor-element-db0798d elementor-widget elementor-widget-eael-login-register\" data-id=\"db0798d\" data-element_type=\"widget\" data-e-type=\"widget\" data-widget_type=\"eael-login-register.default\">\n\t\t\t\t<div class=\"elementor-widget-container\">\n\t\t\t\t\t        <div class=\"eael-login-registration-wrapper \"\n             data-is-ajax=\"\"\n             data-widget-id=\"db0798d\"\n             data-page-id=\"8177\"\n             data-recaptcha-sitekey=\"\"\n\t\t\t data-recaptcha-sitekey-v3=\"\"\n\t\t\t data-login-recaptcha-version=\"v2\"\n\t\t\t data-register-recaptcha-version=\"v2\"\n\t\t\t data-lostpassword-recaptcha-version=\"v2\"\n             data-redirect-to=\"http:\/\/signatureluxurytattoo.com\/booking-sys\"\n             data-resetpassword-redirect-to=\"\"\n        >\n\t\t\t            <section id=\"eael-login-form-wrapper\" class=\"\" data-recaptcha-theme=\"light\" data-recaptcha-size=\"normal\">\n                <div class=\"eael-login-form-wrapper eael-lr-form-wrapper style-2 \">\n\t\t\t\t\t                        <div class=\"lr-form-wrapper\">\n\t\t\t\t\t\t\t\t\t\t\t\t\t\t                            <form class=\"eael-login-form eael-lr-form\"\n                                  id=\"eael-login-form\"\n                                  method=\"post\">\n\t\t\t\t\t\t\t\t                                <div class=\"eael-lr-form-group eael-user-login\">\n\t\t\t\t\t\t\t\t\t<label for=\"eael-user-login\" class=\"eael-field-label\">Nombre de usuario o direcci\u00f3n de correo electr\u00f3nico<\/label>                                    <input type=\"text\"\n                                           name=\"eael-user-login\"\n                                           id=\"eael-user-login\"\n                                           class=\"eael-lr-form-control\"\n                                           placeholder=\"Nombre de usuario o direcci\u00f3n de correo electr\u00f3nico\"\n                                           required autocomplete=\"username email\">\n\t\t\t\t\t\t\t\t\t                                <\/div>\n                                <div class=\"eael-lr-form-group eael-user-password\">\n\t\t\t\t\t\t\t\t\t<label for=\"eael-user-password\" class=\"eael-field-label\">Contrase\u00f1a<\/label>                                    <div class=\"eael-lr-password-wrapper\">\n                                        <input type=\"password\"\n                                               name=\"eael-user-password\"\n                                               class=\"eael-lr-form-control\"\n                                               id=\"eael-user-password\"\n                                               placeholder=\"Contrase\u00f1a\"\n                                               required autocomplete=\"current-password\">\n\t\t\t\t\t\t\t\t\t\t                                            <button type=\"button\"\n                                                    id=\"wp-hide-pw\"\n                                                    class=\"wp-hide-pw hide-if-no-js\"\n                                                    aria-label=\"Show password\">\n                                                <span class=\"dashicons dashicons-visibility\"\n                                                      aria-hidden=\"true\"><\/span>\n                                            <\/button>\n\t\t\t\t\t\t\t\t\t\t\t\t\t\t\t\t\t\t\t\t                                    <\/div>\n                                <\/div>\n                                <div class=\"eael-forever-forget eael-lr-form-group\">\n\t\t\t\t\t\t\t\t\t                                        <p class=\"forget-menot\">\n                                            <input name=\"eael-rememberme\" type=\"checkbox\" id=\"rememberme\"  class=\"remember-me \" value=\"forever\">\n                                            <label for=\"rememberme\" class=\"eael-checkbox-label rememberme\">Recu\u00e9rdame<\/label>\n                                        <\/p>\n\t\t\t\t\t\t\t\t\t<p class=\"forget-pass\"><a href=\"https:\/\/signatureluxurytattoo.com\/es\/access-mkb-signature\/?action=lostpassword\">\u00bfHas olvidado la contrase\u00f1a?<\/a><\/p>\n                                <\/div>\n\n\t\t\t\t\t\t\t\t\n\n                                <div class=\"eael-lr-footer\">\n\t\t\t\t\t\t\t\t\t<div class=\"eael-lr-form-loader-wrapper\">\n\t\t\t\t\t\t\t\t\t\t<button type=\"submit\" name=\"eael-login-submit\" id=\"eael-login-submit\" class=\"g-recaptcha eael-lr-btn eael-lr-btn-block \">\n\t\t\t\t\t\t\t\t\t\t\tAcceder\t\t\t\t\t\t\t\t\t\t<\/button>\n\t\t\t\t\t\t\t\t\t\t\n\t\t\t\t\t\t\t\t\t\t\n\t\t\t\t\t\t\t\t\t<\/div>\n\t\t\t\t\t\t\t\t\t\n                                <\/div>\n\t\t\t\t\t\t\t\t<div class=\"eael-form-validation-container\"><\/div>                <input type=\"hidden\"\n                       name=\"redirect_to\"\n                       value=\"http:\/\/signatureluxurytattoo.com\/booking-sys\">\n\t\t\t<input type=\"hidden\" id=\"eael-login-nonce\" name=\"eael-login-nonce\" value=\"db91cf36ab\" \/><input type=\"hidden\" name=\"_wp_http_referer\" value=\"\/es\/wp-json\/wp\/v2\/pages\/8177\" \/>        <input type=\"hidden\"\n               name=\"page_id\"\n               value=\"8177\">\n\t\t<input type=\"hidden\"\n               name=\"page_id_for_popup\"\n               value=\"8177\">\t   \n\t\t<input type=\"hidden\"\n               name=\"resetpassword_in_popup_selector\"\n               value=\"\">\n        <input type=\"hidden\"\n               name=\"widget_id\"\n               value=\"db0798d\">\n\t\t                            <\/form>\n\t\t\t\t\t\t\t                        <\/div>\n\t\t\t\t\t\t                <\/div>\n\n            <\/section>\n\n\t\t\t<script>\n\t\t\t\tjQuery(document).ready(function($){\n\t\t\t\t\tvar eael_get_login_status = localStorage.getItem( 'eael-is-login-form' );\n\t\t\t\t\tif( eael_get_login_status === 'true' ) {\n\t\t\t\t\t\tsetTimeout(function() {\n\t\t\t\t\t\t\tvar button = jQuery('[eael-login=\"yes\"]');\n\t\t\t\t\t\t\tif( ! button.hasClass('eael-clicked') ) {\n\t\t\t\t\t\t\t\tbutton.trigger('click').addClass('eael-clicked');\n\t\t\t\t\t\t\t}\n\t\t\t\t\t\t}, 100);\n\n\t\t\t\t\t\tsetTimeout(function() {\n\t\t\t\t\t\t\tjQuery('[eael-login=\"yes\"]').removeClass('eael-clicked')\n\t\t\t\t\t\t}, 500);\n\t\t\t\t\t}\n\t\t\t\t});\n\t\t\t<\/script>\n\t\t\t            <section\n                    id=\"eael-lostpassword-form-wrapper\"\n                    class=\"eael-lr-d-none\"\n\t\t\t\t\tdata-recaptcha-theme=\"light\"\n                    data-recaptcha-size=\"normal\"\n                    >\n                <div class=\"eael-lostpassword-form-wrapper eael-lr-form-wrapper style-2 \">\n\t\t\t\t\t\t\t\t\t\t<div class=\"lr-form-wrapper\">\n\t\t\t\t\t\t\t\t\t\t\t\t\t\t\t\t\t\t<form class=\"eael-lostpassword-form eael-lr-form\" id=\"eael-lostpassword-form\" method=\"post\">\n\t\t\t\t\t\t\t\t\t\t\t\t\t\t<div class=\"eael-lr-form-group \">\n\t\t\t\t\t\t\t\t<label for=\"eael-user-lostpassword\" class=\"eael-field-label\">Nombre de usuario o direcci\u00f3n de correo electr\u00f3nico<\/label>\t\t\t\t\t\t\t\t<input type=\"text\" name=\"eael-user-lostpassword\" id=\"eael-user-lostpassword\" class=\"eael-lr-form-control\" placeholder=\"Nombre de usuario o direcci\u00f3n de correo electr\u00f3nico\" required>\n\t\t\t\t\t\t\t\t\t\t\t\t\t\t\t<\/div>\n\n\t\t\t\t\t\t\t\n\t\t\t\t\t\t\t<div class=\"eael-lr-footer\">\n\t\t\t\t\t\t\t\t<button type=\"submit\" name=\"eael-lostpassword-submit\" id=\"eael-lostpassword-submit\" class=\"g-recaptcha eael-lr-btn eael-lr-btn-block   \">Restablecer la contrase\u00f1a<\/button>\n\t\t\t\t\t\t\t\t\t\t\t\t\t\t\t\t\t<div class=\"eael-sign-wrapper \">\n\t\t\t\t\t\t\t\t\t\t<span class=\"d-ib\"> <\/span> <a href=\"\" id=\"eael-lr-login-toggle-lostpassword\" class=\"eael-lr-link\" data-action=\"form\">Reg\u00edstrate<\/a>\t\t\t\t\t\t\t\t\t<\/div>\n\t\t\t\t\t\t\t\t\n\t\t\t\t\t\t\t<\/div>\n\t\t\t\t\t\t\t<div class=\"eael-form-validation-container\"><\/div><input type=\"hidden\" id=\"eael-lostpassword-nonce\" name=\"eael-lostpassword-nonce\" value=\"cb789c40ab\" \/><input type=\"hidden\" name=\"_wp_http_referer\" value=\"\/es\/wp-json\/wp\/v2\/pages\/8177\" \/>        <input type=\"hidden\"\n               name=\"page_id\"\n               value=\"8177\">\n\t\t<input type=\"hidden\"\n               name=\"page_id_for_popup\"\n               value=\"8177\">\t   \n\t\t<input type=\"hidden\"\n               name=\"resetpassword_in_popup_selector\"\n               value=\"\">\n        <input type=\"hidden\"\n               name=\"widget_id\"\n               value=\"db0798d\">\n\t\t\t\t\t\t\t\t<\/form>\n\t\t\t\t\t\t\t\t\t\t\t<\/div>\n\t\t\t\t\t                <\/div>\n\n            <\/section>\n\t\t\t        <\/div>\n\n\t\t\t\t\t\t<\/div>\n\t\t\t\t<\/div>\n\t\t\t\t\t<\/div>\n\t\t<\/div>\n\t\t\t\t\t<\/div>\n\t\t<\/section>\n\t\t\t\t<\/div>\n\t\t","protected":false},"excerpt":{"rendered":"<p>Ya est\u00e1s conectado como anarchy16tattooshop@gmail.com. (Salir) Nombre de usuario o direcci\u00f3n de correo electr\u00f3nico Reg\u00edstrate<\/p>","protected":false},"author":1,"featured_media":0,"parent":0,"menu_order":0,"comment_status":"closed","ping_status":"closed","template":"elementor_header_footer","meta":{"om_disable_all_campaigns":false,"_monsterinsights_skip_tracking":false,"_monsterinsights_sitenote_active":false,"_monsterinsights_sitenote_note":"","_monsterinsights_sitenote_category":0,"_s2mail":"yes","neve_meta_sidebar":"","neve_meta_container":"","neve_meta_enable_content_width":"","neve_meta_content_width":0,"neve_meta_title_alignment":"","neve_meta_author_avatar":"","neve_post_elements_order":"","neve_meta_disable_header":"","neve_meta_disable_footer":"","neve_meta_disable_title":"","_themeisle_gutenberg_block_has_review":false,"_joinchat":[],"footnotes":""},"class_list":["post-8177","page","type-page","status-publish","hentry"],"aioseo_notices":[],"_links":{"self":[{"href":"https:\/\/signatureluxurytattoo.com\/es\/wp-json\/wp\/v2\/pages\/8177","targetHints":{"allow":["GET"]}}],"collection":[{"href":"https:\/\/signatureluxurytattoo.com\/es\/wp-json\/wp\/v2\/pages"}],"about":[{"href":"https:\/\/signatureluxurytattoo.com\/es\/wp-json\/wp\/v2\/types\/page"}],"author":[{"embeddable":true,"href":"https:\/\/signatureluxurytattoo.com\/es\/wp-json\/wp\/v2\/users\/1"}],"replies":[{"embeddable":true,"href":"https:\/\/signatureluxurytattoo.com\/es\/wp-json\/wp\/v2\/comments?post=8177"}],"version-history":[{"count":12,"href":"https:\/\/signatureluxurytattoo.com\/es\/wp-json\/wp\/v2\/pages\/8177\/revisions"}],"predecessor-version":[{"id":10377,"href":"https:\/\/signatureluxurytattoo.com\/es\/wp-json\/wp\/v2\/pages\/8177\/revisions\/10377"}],"wp:attachment":[{"href":"https:\/\/signatureluxurytattoo.com\/es\/wp-json\/wp\/v2\/media?parent=8177"}],"curies":[{"name":"wp","href":"https:\/\/api.w.org\/{rel}","templated":true}]}}