{"id":9873,"date":"2024-12-03T21:49:19","date_gmt":"2024-12-03T21:49:19","guid":{"rendered":"http:\/\/signatureluxurytattoo.com\/saldo-de-la-tarjeta-regalo\/"},"modified":"2024-12-03T21:49:19","modified_gmt":"2024-12-03T21:49:19","slug":"saldo-de-la-tarjeta-regalo","status":"publish","type":"page","link":"https:\/\/signatureluxurytattoo.com\/es\/saldo-de-la-tarjeta-regalo\/","title":{"rendered":"Saldo de la tarjeta regalo"},"content":{"rendered":"<div class=\"wps_gift_card_balance_wrapper\"><div class=\"gift_card_balance_email\"><label>Zadejte e-mail p\u0159\u00edjemce<\/label>\t<input type=\"email\" id=\"gift_card_balance_email\" class=\"wps_gift_balance\" placeholder=\"Zadejte E-mail\/Jm\u00e9no p\u0159\u00edjemce nebo E-mail odes\u00edlatele.\" required=\"required\"><\/div><div class=\"gift_card_code\"><label>Zadejte k\u00f3d d\u00e1rkov\u00e9 karty<\/label>\t<input type=\"text\" id=\"gift_card_code\" class=\"wps_gift_balance\" placeholder=\"Zadejte k\u00f3d d\u00e1rkov\u00e9 karty\" required=\"required\"><\/div><p class=\"wps_check_balance\"><input class=\"button wps_check_balance\" type=\"button\" id=\"wps_check_balance\" value=\"Comprobar el saldo\"><span id=\"wps_notification\"><\/span><\/p><\/div><div style=\"display: none;\" class=\"loading-style-bg\" id=\"wps_wgm_loader\"><img decoding=\"async\" src=\"https:\/\/signatureluxurytattoo.com\/wp-content\/plugins\/woo-gift-cards-lite\/assets\/images\/loading.gif\"><\/div><\/div>","protected":false},"excerpt":{"rendered":"","protected":false},"author":1,"featured_media":0,"parent":0,"menu_order":0,"comment_status":"closed","ping_status":"closed","template":"","meta":{"om_disable_all_campaigns":false,"_monsterinsights_skip_tracking":false,"_monsterinsights_sitenote_active":false,"_monsterinsights_sitenote_note":"","_monsterinsights_sitenote_category":0,"_s2mail":"","neve_meta_sidebar":"","neve_meta_container":"","neve_meta_enable_content_width":"","neve_meta_content_width":0,"neve_meta_title_alignment":"","neve_meta_author_avatar":"","neve_post_elements_order":"","neve_meta_disable_header":"","neve_meta_disable_footer":"","neve_meta_disable_title":"","_themeisle_gutenberg_block_has_review":false,"_joinchat":[],"footnotes":""},"class_list":["post-9873","page","type-page","status-publish","hentry"],"aioseo_notices":[],"_links":{"self":[{"href":"https:\/\/signatureluxurytattoo.com\/es\/wp-json\/wp\/v2\/pages\/9873","targetHints":{"allow":["GET"]}}],"collection":[{"href":"https:\/\/signatureluxurytattoo.com\/es\/wp-json\/wp\/v2\/pages"}],"about":[{"href":"https:\/\/signatureluxurytattoo.com\/es\/wp-json\/wp\/v2\/types\/page"}],"author":[{"embeddable":true,"href":"https:\/\/signatureluxurytattoo.com\/es\/wp-json\/wp\/v2\/users\/1"}],"replies":[{"embeddable":true,"href":"https:\/\/signatureluxurytattoo.com\/es\/wp-json\/wp\/v2\/comments?post=9873"}],"version-history":[{"count":0,"href":"https:\/\/signatureluxurytattoo.com\/es\/wp-json\/wp\/v2\/pages\/9873\/revisions"}],"wp:attachment":[{"href":"https:\/\/signatureluxurytattoo.com\/es\/wp-json\/wp\/v2\/media?parent=9873"}],"curies":[{"name":"wp","href":"https:\/\/api.w.org\/{rel}","templated":true}]}}